{"id":2307,"date":"2016-06-02T10:31:30","date_gmt":"2016-06-02T08:31:30","guid":{"rendered":"http:\/\/test123.pilkka.eu\/?page_id=2307"},"modified":"2016-06-14T16:49:20","modified_gmt":"2016-06-14T14:49:20","slug":"imprint","status":"publish","type":"page","link":"http:\/\/www.pilkka.eu\/fr\/imprint\/","title":{"rendered":"mentions l\u00e9gales"},"content":{"rendered":"Donn\u00e9es selon \u00a76 de la loi de t\u00e9l\u00e9service (Teledienstgesetz)<\/p>\n<p><strong>Pilkka GmbH<\/strong><\/p>\n<p>autoris\u00e9 \u00e0 la repr\u00e9sentation:<br \/>\nMarkku Pilkka<\/p>\n<p>Buchenweg 11<br \/>\n23619 Hamberge<br \/>\nDeutschland<\/p>\n<p>e-mail: <a href=\"mailto:office@pilkka.eu\">office@pilkka.eu<\/a><\/p>\n<p>t\u00e9l.: +49 (0) 451 89 40 71<br \/>\nfax: +49 (0) 451 880 57 57<\/p>\n<p>num\u00e9ro du registre du commerce: HRB 1587<br \/>\nnum\u00e9ro de TVA: DE 163 698 563<\/p>\n<p>Indications juridiques:<\/p>\n<p>Malgr\u00e9 un contr\u00f4le minutieux du contenu nous nous permettons de ne pas assumer la responsabilit\u00e9 pour le contenu des liens externes. Pour le contenu des pages cibles, leurs auteurs sont exclusivement responsables.<\/p>\n<p>Les noms, notions, concepts, caract\u00e8res et graphiques peuvent \u00eatre des noms et des marques d\u00e9pos\u00e9es \u00e9tant en possession de leurs propri\u00e9taires.<\/p>\n<p>Les droits de tous les noms et marques d\u00e9pos\u00e9es ici mentionn\u00e9es et utilis\u00e9es appartiennent exclusivement \u00e0 leur propri\u00e9taires.<br \/>\nLes changements et les informations de ce site restent r\u00e9serv\u00e9s \u00e0 l'entreprise Pilkka GmbH.","protected":false},"excerpt":{"rendered":"Donn\u00e9es selon \u00a76 de la loi de t\u00e9l\u00e9service (Teledienstgesetz) Pilkka GmbH autoris\u00e9 \u00e0 la repr\u00e9sentation: Markku Pilkka Buchenweg 11 23619 Hamberge Deutschland e-mail: office@pilkka.eu t\u00e9l.: +49 (0) 451 89 40 71 fax: +49 (0) 451 880 57 57 num\u00e9ro du registre du commerce: HRB 1587 num\u00e9ro de TVA: DE 163 698 563 Indications juridiques: Malgr\u00e9 un contr\u00f4le minutieux du contenu&nbsp;<a href=\"http:\/\/www.pilkka.eu\/fr\/imprint\/\" class=\"read-more\">Lire la suite<\/a>","protected":false},"author":1,"featured_media":0,"parent":0,"menu_order":0,"comment_status":"closed","ping_status":"closed","template":"page-fullwidth.php","meta":[],"_links":{"self":[{"href":"http:\/\/www.pilkka.eu\/fr\/wp-json\/wp\/v2\/pages\/2307"}],"collection":[{"href":"http:\/\/www.pilkka.eu\/fr\/wp-json\/wp\/v2\/pages"}],"about":[{"href":"http:\/\/www.pilkka.eu\/fr\/wp-json\/wp\/v2\/types\/page"}],"author":[{"embeddable":true,"href":"http:\/\/www.pilkka.eu\/fr\/wp-json\/wp\/v2\/users\/1"}],"replies":[{"embeddable":true,"href":"http:\/\/www.pilkka.eu\/fr\/wp-json\/wp\/v2\/comments?post=2307"}],"version-history":[{"count":10,"href":"http:\/\/www.pilkka.eu\/fr\/wp-json\/wp\/v2\/pages\/2307\/revisions"}],"predecessor-version":[{"id":2367,"href":"http:\/\/www.pilkka.eu\/fr\/wp-json\/wp\/v2\/pages\/2307\/revisions\/2367"}],"wp:attachment":[{"href":"http:\/\/www.pilkka.eu\/fr\/wp-json\/wp\/v2\/media?parent=2307"}],"curies":[{"name":"wp","href":"https:\/\/api.w.org\/{rel}","templated":true}]}}