{"id":203,"date":"2011-09-14T09:45:02","date_gmt":"2011-09-14T09:45:02","guid":{"rendered":"http:\/\/192.168.9.29\/Development\/TB\/?page_id=203"},"modified":"2020-07-03T18:35:11","modified_gmt":"2020-07-03T16:35:11","slug":"home","status":"publish","type":"page","link":"http:\/\/www.pilkka.eu\/fr\/","title":{"rendered":"Home"},"content":{"rendered":"<div class=\"extra-wrap\">\n<h4><img loading=\"lazy\" class=\"alignnone size-full wp-image-2396\" src=\"http:\/\/www.pilkka.eu\/wp-content\/uploads\/2020\/07\/img-5-1024x691-1.jpg\" alt=\"\" width=\"1024\" height=\"691\" srcset=\"http:\/\/www.pilkka.eu\/wp-content\/uploads\/2020\/07\/img-5-1024x691-1.jpg 1024w, http:\/\/www.pilkka.eu\/wp-content\/uploads\/2020\/07\/img-5-1024x691-1-300x202.jpg 300w, http:\/\/www.pilkka.eu\/wp-content\/uploads\/2020\/07\/img-5-1024x691-1-768x518.jpg 768w\" sizes=\"(max-width: 1024px) 100vw, 1024px\" \/><\/h4>\n<h4>Bienvenue chez Pilkka<\/h4>\n<p>Nous sommes une entreprise de taille moyenne sp\u00e9cialis\u00e9e dans pour \u00e9oliennes. L'entreprise fond\u00e9e en 1993 est active en Allemagne et en toute l'Europe. Ces quatre derni\u00e8res ann\u00e9es, plus de 1.000 fondations ont \u00e9t\u00e9 \u00e9rig\u00e9e en France, Su\u00e8de, Roumanie, Croatie, Autiche et Allemagne. Gr\u00e2ce \u00e0 notre longue exp\u00e9rience, nous avons pu tisser des liens remarquables avec nos fournisseurs qui nous approvisionnent constamment avec des mat\u00e9riaux de premi\u00e8re qualit\u00e9.<\/p>\n<p>N'h\u00e9sitez pas \u00e0 prendre <a href=\"http:\/\/www.pilkka.eu\/contacts\/\">contact<\/a> avec nous pour toute question suppl\u00e9mentaire ou si vous d\u00e9sireriez une offre.<\/p>\n<p>Votre \u00e9quipe de Pilkka<\/p>\n<\/div>","protected":false},"excerpt":{"rendered":"","protected":false},"author":2,"featured_media":0,"parent":0,"menu_order":0,"comment_status":"open","ping_status":"closed","template":"page-home.php","meta":[],"_links":{"self":[{"href":"http:\/\/www.pilkka.eu\/fr\/wp-json\/wp\/v2\/pages\/203"}],"collection":[{"href":"http:\/\/www.pilkka.eu\/fr\/wp-json\/wp\/v2\/pages"}],"about":[{"href":"http:\/\/www.pilkka.eu\/fr\/wp-json\/wp\/v2\/types\/page"}],"author":[{"embeddable":true,"href":"http:\/\/www.pilkka.eu\/fr\/wp-json\/wp\/v2\/users\/2"}],"replies":[{"embeddable":true,"href":"http:\/\/www.pilkka.eu\/fr\/wp-json\/wp\/v2\/comments?post=203"}],"version-history":[{"count":10,"href":"http:\/\/www.pilkka.eu\/fr\/wp-json\/wp\/v2\/pages\/203\/revisions"}],"predecessor-version":[{"id":2399,"href":"http:\/\/www.pilkka.eu\/fr\/wp-json\/wp\/v2\/pages\/203\/revisions\/2399"}],"wp:attachment":[{"href":"http:\/\/www.pilkka.eu\/fr\/wp-json\/wp\/v2\/media?parent=203"}],"curies":[{"name":"wp","href":"https:\/\/api.w.org\/{rel}","templated":true}]}}